{"id":113,"date":"2022-12-02T13:10:12","date_gmt":"2022-12-02T17:10:12","guid":{"rendered":"https:\/\/prohabitatbolivia.org\/fph\/?page_id=113"},"modified":"2023-04-05T17:58:01","modified_gmt":"2023-04-05T21:58:01","slug":"tranformatuciudad","status":"publish","type":"page","link":"https:\/\/prohabitatbolivia.org\/fph\/tranformatuciudad\/","title":{"rendered":"TRANSFORMA TU CIUDAD"},"content":{"rendered":"\n\n\n<h2><font style=\"vertical-align: inherit;\"><font style=\"vertical-align: inherit;\">TRANSFORMA TU CIUDAD<\/font><\/font><\/h2>\n\n\n\n\n\n{\u00abvisual\u00bb:false,\u00bblegacy\u00bb:false}\n\n\n\n\n\n<p><span id=\"docs-internal-guid-0147bd38-7fff-9430-5240-b352c8e91892\"><span style=\"font-size: 12pt; font-family: Calibri, sans-serif; font-variant-numeric: normal; font-variant-east-asian: normal; vertical-align: baseline; white-space: pre-wrap;\"><span style=\"font-size:x-large;\"><font style=\"vertical-align: inherit;\"><font style=\"vertical-align: inherit;\">En alianza con el Gobierno Aut\u00f3nomo Municipal de Sacaba y de Santiva\u00f1ez se han aplicado y sistematizado las experiencias en procesos urbanos orientados a resolver las problem\u00e1ticas de los asentamientos humanos consolidados al margen de la planificaci\u00f3n urbana o en ausencia de \u00e9sta.<\/font><\/font><font><\/font><font style=\"vertical-align: inherit;\"><font style=\"vertical-align: inherit;\">\nEl resultado,<strong> PROGRAMA DE FORTALECIMIENTO PARA MUNICIPIOS EN PROCESOS DE CONSOLIDACI\u00d3N URBANA SOSTENIBLE<\/strong>, que tiene por objetivo:<\/font><\/font>\n<\/span><\/span><\/span><br><\/p>\nFortalecer a gobiernos municipales con \u00e1reas urbanas medianas y peque\u00f1as en procesos de consolidaci\u00f3n urbana sostenible para el mejoramiento de las condiciones socio-habitacionales y de gobernanza urbana en la perspectiva de construir ciudades compactas, sostenibles y en armon\u00eda con la madre tierra.\n\n<p style=\"text-align: center;\"><font style=\"vertical-align: inherit;\"><font style=\"vertical-align: inherit;\">Descarga aqu\u00ed la propuesta completa:<\/font><\/font><\/p>\n\n\n\n\n\n\n\n\n\n\n\n\n<font style=\"vertical-align: inherit;\"><font style=\"vertical-align: inherit;\">Proponemos a los gobiernos municipales capacidades fortalecer en planificaci\u00f3n urbana, a trav\u00e9s del desarrollo de instrumentos de planificaci\u00f3n y gesti\u00f3n urbana; <\/font><font style=\"vertical-align: inherit;\">desde el diagn\u00f3stico (que comprende la implementaci\u00f3n de red geod\u00e9sica y aerofotogrametr\u00eda, recolecci\u00f3n de datos socio ec\u00f3nomicos y ambientales).<\/font><\/font>\n<p>As\u00ed como el dise\u00f1o de planes urbanos (plan director, de usos de suelo, zonificaci\u00f3n, estructuraci\u00f3n vial) que deben permitir a los municipios generar recursos, regular su \u00e1rea urbana y proyectar sus inversiones.<\/p>\n\n\n\n\nEn el tema es importante la generaci\u00f3n de procesos sociales, participativos en articulados entre la poblaci\u00f3n civil y las autoridades, en espacios de sensibilizaci\u00f3n, capacitaci\u00f3n e incidencia, para garantizar la sostenibilidad y eficiencia de los instrumentos de planificaci\u00f3n y urbanismo que se puedan producir, para esto la Fundaci\u00f3n Pro H\u00e1bitat, propone trabajar en:\n\nCapacitaci\u00f3n en urbanismo y soluciones habitacionales\nGeneraci\u00f3n de instrumentos legales y t\u00e9cnicos\nGesti\u00f3n de proyectos de urbanismo\n\n\n\n\n\n\n\n\n\n\n","protected":false},"excerpt":{"rendered":"","protected":false},"author":1,"featured_media":0,"parent":0,"menu_order":0,"comment_status":"closed","ping_status":"closed","template":"","meta":{"footnotes":""},"class_list":["post-113","page","type-page","status-publish","hentry"],"_links":{"self":[{"href":"https:\/\/prohabitatbolivia.org\/fph\/wp-json\/wp\/v2\/pages\/113","targetHints":{"allow":["GET"]}}],"collection":[{"href":"https:\/\/prohabitatbolivia.org\/fph\/wp-json\/wp\/v2\/pages"}],"about":[{"href":"https:\/\/prohabitatbolivia.org\/fph\/wp-json\/wp\/v2\/types\/page"}],"author":[{"embeddable":true,"href":"https:\/\/prohabitatbolivia.org\/fph\/wp-json\/wp\/v2\/users\/1"}],"replies":[{"embeddable":true,"href":"https:\/\/prohabitatbolivia.org\/fph\/wp-json\/wp\/v2\/comments?post=113"}],"version-history":[{"count":27,"href":"https:\/\/prohabitatbolivia.org\/fph\/wp-json\/wp\/v2\/pages\/113\/revisions"}],"predecessor-version":[{"id":410,"href":"https:\/\/prohabitatbolivia.org\/fph\/wp-json\/wp\/v2\/pages\/113\/revisions\/410"}],"wp:attachment":[{"href":"https:\/\/prohabitatbolivia.org\/fph\/wp-json\/wp\/v2\/media?parent=113"}],"curies":[{"name":"wp","href":"https:\/\/api.w.org\/{rel}","templated":true}]}}