{"id":161,"date":"2022-12-16T10:31:08","date_gmt":"2022-12-16T14:31:08","guid":{"rendered":"https:\/\/prohabitatbolivia.org\/fph\/?page_id=161"},"modified":"2024-06-18T11:24:07","modified_gmt":"2024-06-18T15:24:07","slug":"educacion-urbana","status":"publish","type":"page","link":"https:\/\/prohabitatbolivia.org\/fph\/educacion-urbana\/","title":{"rendered":"Educaci\u00f3n Urbana"},"content":{"rendered":"\n\n\n<h1>EDUCACI\u00d3N URBANA<\/h1>\n<p class=\"MsoNormal\" style=\"margin-bottom:14.0pt;text-align:justify\">El\ncomponente educativo es asumido como l\u00ednea de acci\u00f3n en todos los programas y\nproyectos implementados en el trabajo institucional, con el que se logra la\nsocializaci\u00f3n de mensajes y contenidos acerca de la realidad socio habitacional,\nel h\u00e1bitat sostenible y la participaci\u00f3n ciudadana a trav\u00e9s de procesos\nelaborados y organizados para educar y promover h\u00e1bitos saludables, ciudadan\u00eda\nactiva y la pr\u00e1ctica de un liderazgo propositivo. Solamente de esta manera se\nlogra la sostenibilidad en los procesos sociales en cualquier tema o\nproblem\u00e1tica.<o:p><\/o:p><\/p>\n\n\n\n<p>PROGRAMAS<\/p>\n<p class=\"MsoNormal\" style=\"margin-top:5.0pt;margin-right:0cm;margin-bottom:12.0pt;\nmargin-left:0cm;text-align:justify\">El programa de Educaci\u00f3n Urbana fomenta no\ns\u00f3lo el desarrollo de una conciencia cr\u00edtica, sino una ciudadan\u00eda activa que\npromueva la participaci\u00f3n de la comunidad, con consecuencias sociales\nfavorables para el desarrollo sostenible de la ciudad.<o:p><\/o:p><\/p><p class=\"MsoNormal\" style=\"text-align:justify\"><a name=\"_heading=h.30j0zll\"><\/a>Abordar\nla problem\u00e1tica urbana desde la educaci\u00f3n, incluye el ejercicio de la\ninvestigaci\u00f3n, la reflexi\u00f3n y la acci\u00f3n, requiere necesariamente nutrirse de\nconceptos b\u00e1sicos sobre lo urbano en el contexto boliviano.<o:p><\/o:p><\/p><p>\n\n\n\n<\/p><p class=\"MsoNormal\" style=\"text-align:justify\"><o:p>&nbsp;<\/o:p><\/p>\n\n\n\n\n\n\n\n\n","protected":false},"excerpt":{"rendered":"","protected":false},"author":1,"featured_media":0,"parent":0,"menu_order":0,"comment_status":"closed","ping_status":"closed","template":"","meta":{"footnotes":""},"class_list":["post-161","page","type-page","status-publish","hentry"],"_links":{"self":[{"href":"https:\/\/prohabitatbolivia.org\/fph\/wp-json\/wp\/v2\/pages\/161","targetHints":{"allow":["GET"]}}],"collection":[{"href":"https:\/\/prohabitatbolivia.org\/fph\/wp-json\/wp\/v2\/pages"}],"about":[{"href":"https:\/\/prohabitatbolivia.org\/fph\/wp-json\/wp\/v2\/types\/page"}],"author":[{"embeddable":true,"href":"https:\/\/prohabitatbolivia.org\/fph\/wp-json\/wp\/v2\/users\/1"}],"replies":[{"embeddable":true,"href":"https:\/\/prohabitatbolivia.org\/fph\/wp-json\/wp\/v2\/comments?post=161"}],"version-history":[{"count":5,"href":"https:\/\/prohabitatbolivia.org\/fph\/wp-json\/wp\/v2\/pages\/161\/revisions"}],"predecessor-version":[{"id":272,"href":"https:\/\/prohabitatbolivia.org\/fph\/wp-json\/wp\/v2\/pages\/161\/revisions\/272"}],"wp:attachment":[{"href":"https:\/\/prohabitatbolivia.org\/fph\/wp-json\/wp\/v2\/media?parent=161"}],"curies":[{"name":"wp","href":"https:\/\/api.w.org\/{rel}","templated":true}]}}